{"id":65,"date":"2023-03-03T06:58:21","date_gmt":"2023-03-03T05:58:21","guid":{"rendered":"http:\/\/bootslift.portfoliobyspiegelfeld.com\/?page_id=65"},"modified":"2026-02-17T22:31:56","modified_gmt":"2026-02-17T21:31:56","slug":"kontakt","status":"publish","type":"page","link":"https:\/\/www.bootslift.at\/en\/kontakt\/","title":{"rendered":"Contact us"},"content":{"rendered":"\t\t<div data-elementor-type=\"wp-page\" data-elementor-id=\"65\" class=\"elementor elementor-65\" data-elementor-post-type=\"page\">\n\t\t\t\t<div class=\"elementor-element elementor-element-7196f1fb e-flex e-con-boxed e-con e-parent\" data-id=\"7196f1fb\" data-element_type=\"container\" data-e-type=\"container\">\n\t\t\t\t\t<div class=\"e-con-inner\">\n\t\t<div class=\"elementor-element elementor-element-6ca1ff6d e-flex e-con-boxed e-con e-child\" data-id=\"6ca1ff6d\" data-element_type=\"container\" data-e-type=\"container\">\n\t\t\t\t\t<div class=\"e-con-inner\">\n\t\t\t\t<div class=\"elementor-element elementor-element-12881f26 premium-header-block premium-lq__none premium-box-lq__none elementor-widget elementor-widget-premium-addon-dual-header\" data-id=\"12881f26\" data-element_type=\"widget\" data-e-type=\"widget\" data-widget_type=\"premium-addon-dual-header.default\">\n\t\t\t\t\t\n\t\t<div class=\"elementor-widget-container\">\n\t\t\t\t\t<h1 class=\"premium-dual-header-first-header \"><span class=\"premium-dual-header-first-span\">Kontaktieren Sie uns <\/span><span class=\"premium-dual-header-second-header \">wir freuen uns auf Ihre Nachricht<\/span><\/h1> \t\t\t\t<\/div>\n\n\t\t\t\t\t\t<\/div>\n\t\t\t\t\t<\/div>\n\t\t\t\t<\/div>\n\t\t\t\t\t<\/div>\n\t\t\t\t<\/div>\n\t\t<div class=\"elementor-element elementor-element-6d5c3852 e-flex e-con-boxed e-con e-parent\" data-id=\"6d5c3852\" data-element_type=\"container\" data-e-type=\"container\" data-settings=\"{&quot;background_background&quot;:&quot;classic&quot;}\">\n\t\t\t\t\t<div class=\"e-con-inner\">\n\t\t\t\t\t<\/div>\n\t\t\t\t<\/div>\n\t\t<div class=\"elementor-element elementor-element-3a8c94c e-con-full e-flex e-con e-parent\" data-id=\"3a8c94c\" data-element_type=\"container\" data-e-type=\"container\" data-settings=\"{&quot;background_background&quot;:&quot;classic&quot;}\">\n\t\t<div class=\"elementor-element elementor-element-4ec0715f e-flex e-con-boxed e-con e-child\" data-id=\"4ec0715f\" data-element_type=\"container\" data-e-type=\"container\">\n\t\t\t\t\t<div class=\"e-con-inner\">\n\t\t\t\t<div class=\"elementor-element elementor-element-5fe1e402 elementor-button-align-start elementor-mobile-button-align-center elementor-widget elementor-widget-form\" data-id=\"5fe1e402\" data-element_type=\"widget\" data-e-type=\"widget\" data-settings=\"{&quot;step_next_label&quot;:&quot;Next&quot;,&quot;step_previous_label&quot;:&quot;Previous&quot;,&quot;button_width&quot;:&quot;100&quot;,&quot;step_type&quot;:&quot;number_text&quot;,&quot;step_icon_shape&quot;:&quot;circle&quot;}\" data-widget_type=\"form.default\">\n\t\t\t\t<div class=\"elementor-widget-container\">\n\t\t\t\t\t\t\t<form class=\"elementor-form\" method=\"post\" name=\"kontaktform\" aria-label=\"kontaktform\">\n\t\t\t<input type=\"hidden\" name=\"post_id\" value=\"65\"\/>\n\t\t\t<input type=\"hidden\" name=\"form_id\" value=\"5fe1e402\"\/>\n\t\t\t<input type=\"hidden\" name=\"referer_title\" value=\"Bootslift Wiesinger\" \/>\n\n\t\t\t\n\t\t\t<div class=\"elementor-form-fields-wrapper elementor-labels-above\">\n\t\t\t\t\t\t\t\t<div class=\"elementor-field-type-text elementor-field-group elementor-column elementor-field-group-vorname elementor-col-50 elementor-field-required elementor-mark-required\">\n\t\t\t\t\t\t\t\t\t\t\t\t<label for=\"form-field-vorname\" class=\"elementor-field-label\">\n\t\t\t\t\t\t\t\tVorname\t\t\t\t\t\t\t<\/label>\n\t\t\t\t\t\t\t\t\t\t\t\t\t\t<input size=\"1\" type=\"text\" name=\"form_fields[vorname]\" id=\"form-field-vorname\" class=\"elementor-field elementor-size-sm  elementor-field-textual\" required=\"required\">\n\t\t\t\t\t\t\t\t\t\t\t<\/div>\n\t\t\t\t\t\t\t\t<div class=\"elementor-field-type-text elementor-field-group elementor-column elementor-field-group-nachname elementor-col-50 elementor-field-required elementor-mark-required\">\n\t\t\t\t\t\t\t\t\t\t\t\t<label for=\"form-field-nachname\" class=\"elementor-field-label\">\n\t\t\t\t\t\t\t\tNachname\t\t\t\t\t\t\t<\/label>\n\t\t\t\t\t\t\t\t\t\t\t\t\t\t<input size=\"1\" type=\"text\" name=\"form_fields[nachname]\" id=\"form-field-nachname\" class=\"elementor-field elementor-size-sm  elementor-field-textual\" required=\"required\">\n\t\t\t\t\t\t\t\t\t\t\t<\/div>\n\t\t\t\t\t\t\t\t<div class=\"elementor-field-type-text\">\n\t\t\t\t\t<input size=\"1\" type=\"text\" name=\"form_fields[wohnort]\" id=\"form-field-wohnort\" class=\"elementor-field elementor-size-sm \" style=\"display:none !important;\">\t\t\t\t<\/div>\n\t\t\t\t\t\t\t\t<div class=\"elementor-field-type-text\">\n\t\t\t\t\t<input size=\"1\" type=\"text\" name=\"form_fields[strasse]\" id=\"form-field-strasse\" class=\"elementor-field elementor-size-sm \" style=\"display:none !important;\">\t\t\t\t<\/div>\n\t\t\t\t\t\t\t\t<div class=\"elementor-field-type-tel elementor-field-group elementor-column elementor-field-group-telefon elementor-col-100 elementor-field-required elementor-mark-required\">\n\t\t\t\t\t\t\t\t\t\t\t\t<label for=\"form-field-telefon\" class=\"elementor-field-label\">\n\t\t\t\t\t\t\t\tTelefonnummer\t\t\t\t\t\t\t<\/label>\n\t\t\t\t\t\t\t\t<input size=\"1\" type=\"tel\" name=\"form_fields[telefon]\" id=\"form-field-telefon\" class=\"elementor-field elementor-size-sm  elementor-field-textual\" required=\"required\" pattern=\"[0-9()#&amp;+*-=.]+\" title=\"Only numbers and phone characters (#, -, *, etc) are accepted.\">\n\n\t\t\t\t\t\t<\/div>\n\t\t\t\t\t\t\t\t<div class=\"elementor-field-type-email elementor-field-group elementor-column elementor-field-group-email elementor-col-100 elementor-field-required elementor-mark-required\">\n\t\t\t\t\t\t\t\t\t\t\t\t<label for=\"form-field-email\" class=\"elementor-field-label\">\n\t\t\t\t\t\t\t\tE-Mail\t\t\t\t\t\t\t<\/label>\n\t\t\t\t\t\t\t\t\t\t\t\t\t\t<input size=\"1\" type=\"email\" name=\"form_fields[email]\" id=\"form-field-email\" class=\"elementor-field elementor-size-sm  elementor-field-textual\" required=\"required\">\n\t\t\t\t\t\t\t\t\t\t\t<\/div>\n\t\t\t\t\t\t\t\t<div class=\"elementor-field-type-checkbox elementor-field-group elementor-column elementor-field-group-interesse elementor-col-100\">\n\t\t\t\t\t\t\t\t\t\t\t\t<label for=\"form-field-interesse\" class=\"elementor-field-label\">\n\t\t\t\t\t\t\t\tIch interessiere mich f\u00fcr:\t\t\t\t\t\t\t<\/label>\n\t\t\t\t\t\t<div class=\"elementor-field-subgroup  \"><span class=\"elementor-field-option\"><input type=\"checkbox\" value=\"Bootslift Lite\" id=\"form-field-interesse-0\" name=\"form_fields[interesse][]\"> <label for=\"form-field-interesse-0\">Bootslift Lite<\/label><\/span><span class=\"elementor-field-option\"><input type=\"checkbox\" value=\"Bootslift Lite Premium\" id=\"form-field-interesse-1\" name=\"form_fields[interesse][]\"> <label for=\"form-field-interesse-1\">Bootslift Lite Premium<\/label><\/span><span class=\"elementor-field-option\"><input type=\"checkbox\" value=\"Bootslift Premium&#039;\" id=\"form-field-interesse-2\" name=\"form_fields[interesse][]\"> <label for=\"form-field-interesse-2\">Bootslift Premium'<\/label><\/span><span class=\"elementor-field-option\"><input type=\"checkbox\" value=\"Hublift Compact\" id=\"form-field-interesse-3\" name=\"form_fields[interesse][]\"> <label for=\"form-field-interesse-3\">Hublift Compact<\/label><\/span><span class=\"elementor-field-option\"><input type=\"checkbox\" value=\"Hydrauliklift\" id=\"form-field-interesse-4\" name=\"form_fields[interesse][]\"> <label for=\"form-field-interesse-4\">Hydrauliklift<\/label><\/span><span class=\"elementor-field-option\"><input type=\"checkbox\" value=\"Speziall\u00f6sung\" id=\"form-field-interesse-5\" name=\"form_fields[interesse][]\"> <label for=\"form-field-interesse-5\">Speziall\u00f6sung<\/label><\/span><span class=\"elementor-field-option\"><input type=\"checkbox\" value=\"Allgemeines Beratungsgespr\u00e4ch\" id=\"form-field-interesse-6\" name=\"form_fields[interesse][]\"> <label for=\"form-field-interesse-6\">Allgemeines Beratungsgespr\u00e4ch<\/label><\/span><\/div>\t\t\t\t<\/div>\n\t\t\t\t\t\t\t\t<div class=\"elementor-field-type-recaptcha_v3 elementor-field-group elementor-column elementor-field-group-field_46c3945 elementor-col-100 recaptcha_v3-bottomleft\">\n\t\t\t\t\t<div class=\"elementor-field\" id=\"form-field-field_46c3945\"><div class=\"elementor-g-recaptcha\" data-sitekey=\"6LeOGW8sAAAAACWca-jqWtPqdcgl2QNf8-RBaUkC\" data-type=\"v3\" data-action=\"Form\" data-badge=\"bottomleft\" data-size=\"invisible\"><\/div><\/div>\t\t\t\t<\/div>\n\t\t\t\t\t\t\t\t<div class=\"elementor-field-type-textarea elementor-field-group elementor-column elementor-field-group-nachricht elementor-col-100\">\n\t\t\t\t\t\t\t\t\t\t\t\t<label for=\"form-field-nachricht\" class=\"elementor-field-label\">\n\t\t\t\t\t\t\t\tNachricht\t\t\t\t\t\t\t<\/label>\n\t\t\t\t\t\t<textarea class=\"elementor-field-textual elementor-field  elementor-size-sm\" name=\"form_fields[nachricht]\" id=\"form-field-nachricht\" rows=\"4\"><\/textarea>\t\t\t\t<\/div>\n\t\t\t\t\t\t\t\t<div class=\"elementor-field-type-acceptance elementor-field-group elementor-column elementor-field-group-dsgvo elementor-col-100 elementor-field-required elementor-mark-required\">\n\t\t\t\t\t\t\t\t\t\t\t\t<label for=\"form-field-dsgvo\" class=\"elementor-field-label\">\n\t\t\t\t\t\t\t\tDSGVO-Einverst\u00e4ndnis\t\t\t\t\t\t\t<\/label>\n\t\t\t\t\t\t\t\t<div class=\"elementor-field-subgroup\">\n\t\t\t<span class=\"elementor-field-option\">\n\t\t\t\t<input type=\"checkbox\" name=\"form_fields[dsgvo]\" id=\"form-field-dsgvo\" class=\"elementor-field elementor-size-sm  elementor-acceptance-field\" required=\"required\">\n\t\t\t\t<label for=\"form-field-dsgvo\">Mit dem Absenden des Formulars erkl\u00e4re ich mit der Weiterverarbeitung meiner Daten einverstanden. N\u00e4here Informationen in der Datenschutzerkl\u00e4rung.<\/label>\t\t\t<\/span>\n\t\t<\/div>\n\t\t\t\t\t\t<\/div>\n\t\t\t\t\t\t\t\t<div class=\"elementor-field-group elementor-column elementor-field-type-submit elementor-col-100 e-form__buttons\">\n\t\t\t\t\t<button class=\"elementor-button elementor-size-md elementor-animation-grow\" type=\"submit\">\n\t\t\t\t\t\t<span class=\"elementor-button-content-wrapper\">\n\t\t\t\t\t\t\t\t\t\t\t\t\t\t\t\t\t\t\t\t\t\t<span class=\"elementor-button-text\">Absenden<\/span>\n\t\t\t\t\t\t\t\t\t\t\t\t\t<\/span>\n\t\t\t\t\t<\/button>\n\t\t\t\t<\/div>\n\t\t\t<\/div>\n\t\t<\/form>\n\t\t\t\t\t\t<\/div>\n\t\t\t\t<\/div>\n\t\t\t\t\t<\/div>\n\t\t\t\t<\/div>\n\t\t\t\t<\/div>\n\t\t\t\t<\/div>\n\t\t","protected":false},"excerpt":{"rendered":"<p>Kontaktieren Sie uns wir freuen uns auf Ihre Nachricht<\/p>","protected":false},"author":4,"featured_media":1766,"parent":0,"menu_order":0,"comment_status":"closed","ping_status":"closed","template":"","meta":{"footnotes":""},"class_list":["post-65","page","type-page","status-publish","has-post-thumbnail","hentry"],"yoast_head":"<!-- This site is optimized with the Yoast SEO plugin v27.3 - https:\/\/yoast.com\/product\/yoast-seo-wordpress\/ -->\n<title>Bootslift Wiesinger | Bootslifte und Hebeanlagen<\/title>\n<meta name=\"description\" content=\"Bootslift Wiesinger | Bootslifte, Hydrauliklifte, Hublifte &amp; Spezial-Hebeanlagen f\u00fcr Boote, Anh\u00e4nger, Autos, Oldtimer ... Wir beraten Sie gerne\" \/>\n<meta name=\"robots\" content=\"index, follow, max-snippet:-1, max-image-preview:large, max-video-preview:-1\" \/>\n<link rel=\"canonical\" href=\"https:\/\/www.bootslift.at\/en\/kontakt\/\" \/>\n<meta property=\"og:locale\" content=\"en_GB\" \/>\n<meta property=\"og:type\" content=\"article\" \/>\n<meta property=\"og:title\" content=\"Bootslift Wiesinger | Bootslifte und Hebeanlagen\" \/>\n<meta property=\"og:description\" content=\"Bootslift Wiesinger | Bootslifte, Hydrauliklifte, Hublifte &amp; Spezial-Hebeanlagen f\u00fcr Boote, Anh\u00e4nger, Autos, Oldtimer ... Wir beraten Sie gerne\" \/>\n<meta property=\"og:url\" content=\"https:\/\/www.bootslift.at\/en\/kontakt\/\" \/>\n<meta property=\"og:site_name\" content=\"Bootslift Wiesinger\" \/>\n<meta property=\"article:publisher\" content=\"https:\/\/www.facebook.com\/Bootslift.at\" \/>\n<meta property=\"article:modified_time\" content=\"2026-02-17T21:31:56+00:00\" \/>\n<meta property=\"og:image\" content=\"https:\/\/www.bootslift.at\/wp-content\/uploads\/2023\/06\/wiesinger-bootslift-hydrauliklift2.jpg\" \/>\n\t<meta property=\"og:image:width\" content=\"800\" \/>\n\t<meta property=\"og:image:height\" content=\"800\" \/>\n\t<meta property=\"og:image:type\" content=\"image\/jpeg\" \/>\n<meta name=\"twitter:card\" content=\"summary_large_image\" \/>\n<script type=\"application\/ld+json\" class=\"yoast-schema-graph\">{\"@context\":\"https:\\\/\\\/schema.org\",\"@graph\":[{\"@type\":\"WebPage\",\"@id\":\"https:\\\/\\\/www.bootslift.at\\\/kontakt\\\/\",\"url\":\"https:\\\/\\\/www.bootslift.at\\\/kontakt\\\/\",\"name\":\"Bootslift Wiesinger | Bootslifte und Hebeanlagen\",\"isPartOf\":{\"@id\":\"https:\\\/\\\/www.bootslift.at\\\/#website\"},\"primaryImageOfPage\":{\"@id\":\"https:\\\/\\\/www.bootslift.at\\\/kontakt\\\/#primaryimage\"},\"image\":{\"@id\":\"https:\\\/\\\/www.bootslift.at\\\/kontakt\\\/#primaryimage\"},\"thumbnailUrl\":\"https:\\\/\\\/www.bootslift.at\\\/wp-content\\\/uploads\\\/2023\\\/06\\\/wiesinger-bootslift-hydrauliklift2.jpg\",\"datePublished\":\"2023-03-03T05:58:21+00:00\",\"dateModified\":\"2026-02-17T21:31:56+00:00\",\"description\":\"Bootslift Wiesinger | Bootslifte, Hydrauliklifte, Hublifte & Spezial-Hebeanlagen f\u00fcr Boote, Anh\u00e4nger, Autos, Oldtimer ... Wir beraten Sie gerne\",\"breadcrumb\":{\"@id\":\"https:\\\/\\\/www.bootslift.at\\\/kontakt\\\/#breadcrumb\"},\"inLanguage\":\"en-GB\",\"potentialAction\":[{\"@type\":\"ReadAction\",\"target\":[\"https:\\\/\\\/www.bootslift.at\\\/kontakt\\\/\"]}]},{\"@type\":\"ImageObject\",\"inLanguage\":\"en-GB\",\"@id\":\"https:\\\/\\\/www.bootslift.at\\\/kontakt\\\/#primaryimage\",\"url\":\"https:\\\/\\\/www.bootslift.at\\\/wp-content\\\/uploads\\\/2023\\\/06\\\/wiesinger-bootslift-hydrauliklift2.jpg\",\"contentUrl\":\"https:\\\/\\\/www.bootslift.at\\\/wp-content\\\/uploads\\\/2023\\\/06\\\/wiesinger-bootslift-hydrauliklift2.jpg\",\"width\":800,\"height\":800,\"caption\":\"Hydrauliklift\"},{\"@type\":\"BreadcrumbList\",\"@id\":\"https:\\\/\\\/www.bootslift.at\\\/kontakt\\\/#breadcrumb\",\"itemListElement\":[{\"@type\":\"ListItem\",\"position\":1,\"name\":\"Startseite\",\"item\":\"https:\\\/\\\/www.bootslift.at\\\/\"},{\"@type\":\"ListItem\",\"position\":2,\"name\":\"Kontakt\"}]},{\"@type\":\"WebSite\",\"@id\":\"https:\\\/\\\/www.bootslift.at\\\/#website\",\"url\":\"https:\\\/\\\/www.bootslift.at\\\/\",\"name\":\"Bootslift Wiesinger\",\"description\":\"Ihr Spezialist f\u00fcr Bootsaufz\u00fcge und Hebeanlagen\",\"publisher\":{\"@id\":\"https:\\\/\\\/www.bootslift.at\\\/#organization\"},\"potentialAction\":[{\"@type\":\"SearchAction\",\"target\":{\"@type\":\"EntryPoint\",\"urlTemplate\":\"https:\\\/\\\/www.bootslift.at\\\/?s={search_term_string}\"},\"query-input\":{\"@type\":\"PropertyValueSpecification\",\"valueRequired\":true,\"valueName\":\"search_term_string\"}}],\"inLanguage\":\"en-GB\"},{\"@type\":\"Organization\",\"@id\":\"https:\\\/\\\/www.bootslift.at\\\/#organization\",\"name\":\"Bootslift Wiesinger\",\"url\":\"https:\\\/\\\/www.bootslift.at\\\/\",\"logo\":{\"@type\":\"ImageObject\",\"inLanguage\":\"en-GB\",\"@id\":\"https:\\\/\\\/www.bootslift.at\\\/#\\\/schema\\\/logo\\\/image\\\/\",\"url\":\"https:\\\/\\\/www.bootslift.at\\\/wp-content\\\/uploads\\\/2023\\\/03\\\/Logo-bootslift-freigestellt-10.2021.png\",\"contentUrl\":\"https:\\\/\\\/www.bootslift.at\\\/wp-content\\\/uploads\\\/2023\\\/03\\\/Logo-bootslift-freigestellt-10.2021.png\",\"width\":1562,\"height\":1052,\"caption\":\"Bootslift Wiesinger\"},\"image\":{\"@id\":\"https:\\\/\\\/www.bootslift.at\\\/#\\\/schema\\\/logo\\\/image\\\/\"},\"sameAs\":[\"https:\\\/\\\/www.facebook.com\\\/Bootslift.at\",\"https:\\\/\\\/www.instagram.com\\\/bootslift.at\\\/\"]}]}<\/script>\n<!-- \/ Yoast SEO plugin. -->","yoast_head_json":{"title":"Wiesinger boat lift | Boat lifts and lifting systems","description":"Bootslift Wiesinger | boat lifts, hydraulic lifts, hoists &amp; special lifting systems for boats, trailers, cars, vintage cars ... We are happy to advise you","robots":{"index":"index","follow":"follow","max-snippet":"max-snippet:-1","max-image-preview":"max-image-preview:large","max-video-preview":"max-video-preview:-1"},"canonical":"https:\/\/www.bootslift.at\/en\/kontakt\/","og_locale":"en_GB","og_type":"article","og_title":"Bootslift Wiesinger | Bootslifte und Hebeanlagen","og_description":"Bootslift Wiesinger | Bootslifte, Hydrauliklifte, Hublifte & Spezial-Hebeanlagen f\u00fcr Boote, Anh\u00e4nger, Autos, Oldtimer ... Wir beraten Sie gerne","og_url":"https:\/\/www.bootslift.at\/en\/kontakt\/","og_site_name":"Bootslift Wiesinger","article_publisher":"https:\/\/www.facebook.com\/Bootslift.at","article_modified_time":"2026-02-17T21:31:56+00:00","og_image":[{"width":800,"height":800,"url":"https:\/\/www.bootslift.at\/wp-content\/uploads\/2023\/06\/wiesinger-bootslift-hydrauliklift2.jpg","type":"image\/jpeg"}],"twitter_card":"summary_large_image","schema":{"@context":"https:\/\/schema.org","@graph":[{"@type":"WebPage","@id":"https:\/\/www.bootslift.at\/kontakt\/","url":"https:\/\/www.bootslift.at\/kontakt\/","name":"Wiesinger boat lift | Boat lifts and lifting systems","isPartOf":{"@id":"https:\/\/www.bootslift.at\/#website"},"primaryImageOfPage":{"@id":"https:\/\/www.bootslift.at\/kontakt\/#primaryimage"},"image":{"@id":"https:\/\/www.bootslift.at\/kontakt\/#primaryimage"},"thumbnailUrl":"https:\/\/www.bootslift.at\/wp-content\/uploads\/2023\/06\/wiesinger-bootslift-hydrauliklift2.jpg","datePublished":"2023-03-03T05:58:21+00:00","dateModified":"2026-02-17T21:31:56+00:00","description":"Bootslift Wiesinger | boat lifts, hydraulic lifts, hoists &amp; special lifting systems for boats, trailers, cars, vintage cars ... We are happy to advise you","breadcrumb":{"@id":"https:\/\/www.bootslift.at\/kontakt\/#breadcrumb"},"inLanguage":"en-GB","potentialAction":[{"@type":"ReadAction","target":["https:\/\/www.bootslift.at\/kontakt\/"]}]},{"@type":"ImageObject","inLanguage":"en-GB","@id":"https:\/\/www.bootslift.at\/kontakt\/#primaryimage","url":"https:\/\/www.bootslift.at\/wp-content\/uploads\/2023\/06\/wiesinger-bootslift-hydrauliklift2.jpg","contentUrl":"https:\/\/www.bootslift.at\/wp-content\/uploads\/2023\/06\/wiesinger-bootslift-hydrauliklift2.jpg","width":800,"height":800,"caption":"Hydrauliklift"},{"@type":"BreadcrumbList","@id":"https:\/\/www.bootslift.at\/kontakt\/#breadcrumb","itemListElement":[{"@type":"ListItem","position":1,"name":"Startseite","item":"https:\/\/www.bootslift.at\/"},{"@type":"ListItem","position":2,"name":"Kontakt"}]},{"@type":"WebSite","@id":"https:\/\/www.bootslift.at\/#website","url":"https:\/\/www.bootslift.at\/","name":"Wiesinger boat lift","description":"Your specialist for boat lifts and lifting systems","publisher":{"@id":"https:\/\/www.bootslift.at\/#organization"},"potentialAction":[{"@type":"SearchAction","target":{"@type":"EntryPoint","urlTemplate":"https:\/\/www.bootslift.at\/?s={search_term_string}"},"query-input":{"@type":"PropertyValueSpecification","valueRequired":true,"valueName":"search_term_string"}}],"inLanguage":"en-GB"},{"@type":"Organization","@id":"https:\/\/www.bootslift.at\/#organization","name":"Wiesinger boat lift","url":"https:\/\/www.bootslift.at\/","logo":{"@type":"ImageObject","inLanguage":"en-GB","@id":"https:\/\/www.bootslift.at\/#\/schema\/logo\/image\/","url":"https:\/\/www.bootslift.at\/wp-content\/uploads\/2023\/03\/Logo-bootslift-freigestellt-10.2021.png","contentUrl":"https:\/\/www.bootslift.at\/wp-content\/uploads\/2023\/03\/Logo-bootslift-freigestellt-10.2021.png","width":1562,"height":1052,"caption":"Bootslift Wiesinger"},"image":{"@id":"https:\/\/www.bootslift.at\/#\/schema\/logo\/image\/"},"sameAs":["https:\/\/www.facebook.com\/Bootslift.at","https:\/\/www.instagram.com\/bootslift.at\/"]}]}},"_links":{"self":[{"href":"https:\/\/www.bootslift.at\/en\/wp-json\/wp\/v2\/pages\/65","targetHints":{"allow":["GET"]}}],"collection":[{"href":"https:\/\/www.bootslift.at\/en\/wp-json\/wp\/v2\/pages"}],"about":[{"href":"https:\/\/www.bootslift.at\/en\/wp-json\/wp\/v2\/types\/page"}],"author":[{"embeddable":true,"href":"https:\/\/www.bootslift.at\/en\/wp-json\/wp\/v2\/users\/4"}],"replies":[{"embeddable":true,"href":"https:\/\/www.bootslift.at\/en\/wp-json\/wp\/v2\/comments?post=65"}],"version-history":[{"count":0,"href":"https:\/\/www.bootslift.at\/en\/wp-json\/wp\/v2\/pages\/65\/revisions"}],"wp:featuredmedia":[{"embeddable":true,"href":"https:\/\/www.bootslift.at\/en\/wp-json\/wp\/v2\/media\/1766"}],"wp:attachment":[{"href":"https:\/\/www.bootslift.at\/en\/wp-json\/wp\/v2\/media?parent=65"}],"curies":[{"name":"wp","href":"https:\/\/api.w.org\/{rel}","templated":true}]}}